{"id":584,"date":"2020-06-05T08:45:23","date_gmt":"2020-06-05T01:45:23","guid":{"rendered":"https:\/\/elementor.thembay.com\/diza\/?page_id=584"},"modified":"2021-01-29T20:37:54","modified_gmt":"2021-01-29T20:37:54","slug":"contact-us","status":"publish","type":"page","link":"https:\/\/italifarma.com.br\/?page_id=584","title":{"rendered":"Contato"},"content":{"rendered":"\t\t<div data-elementor-type=\"wp-page\" data-elementor-id=\"584\" class=\"elementor elementor-584\">\n\t\t\t\t\t\t<section class=\"elementor-section elementor-top-section elementor-element elementor-element-274b66f elementor-section-stretched elementor-section-boxed elementor-section-height-default elementor-section-height-default\" data-id=\"274b66f\" data-element_type=\"section\" data-e-type=\"section\" data-settings=\"{&quot;stretch_section&quot;:&quot;section-stretched&quot;}\">\n\t\t\t\t\t\t<div class=\"elementor-container elementor-column-gap-default\">\n\t\t\t\t\t<div class=\"elementor-column elementor-col-50 elementor-top-column elementor-element elementor-element-b96355b\" data-id=\"b96355b\" data-element_type=\"column\" data-e-type=\"column\">\n\t\t\t<div class=\"elementor-widget-wrap elementor-element-populated\">\n\t\t\t\t\t\t<div class=\"elementor-element elementor-element-7f862b4 elementor-widget elementor-widget-text-editor\" data-id=\"7f862b4\" data-element_type=\"widget\" data-e-type=\"widget\" data-widget_type=\"text-editor.default\">\n\t\t\t\t<div class=\"elementor-widget-container\">\n\t\t\t\t\t\t\t\t\t<p><strong>MAU\u00c1 &#8211; PARQUE DAS AM\u00c9RICAS<\/strong><\/p><p>R. Am\u00e9rica do Sul, 742 &#8211; Parque das Am\u00e9ricas, Mau\u00e1 &#8211; SP, 09350-580. Ao lado do c\u00e9u das artes e Par\u00f3quia S\u00e3o Filipe.<\/p><p><strong>Telefone:<\/strong>(11) 3420-4478 &#8211; (11) 98555-4966<\/p><p>_____________<\/p><p><strong>MAU\u00c1 &#8211; MIRANDA<\/strong><\/p><p>Rua Olavo Bilac, 5- Jardim Miranda D&#8217;\u00e1lvis &#8211; Mau\u00e1 &#8211; SP &#8211; CEP 09330-510. Em frente ao supermercado bengala.<\/p><p><strong>Telefone<\/strong><strong>:<\/strong>(11) 3420-4478 &#8211; (11) 98555-4966.<\/p><p>_____________<\/p><p><strong>DIADEMA &#8211; SERRARIA<\/strong><\/p><p>Av. Dona Ruyce Ferraz Alvim, 2365 &#8211; Serraria, Diadema &#8211; SP, 09981-360. Dentro do Atacadista Spani na pra\u00e7a da santa.<\/p><p><strong>Telefone<\/strong><strong>: <\/strong>(11) 4055-4355 &#8211; (11) 95463-2960<\/p>\t\t\t\t\t\t\t\t<\/div>\n\t\t\t\t<\/div>\n\t\t\t\t<div class=\"elementor-element elementor-element-60b9ade elementor-shape-square e-grid-align-left elementor-grid-0 elementor-widget elementor-widget-social-icons\" data-id=\"60b9ade\" data-element_type=\"widget\" data-e-type=\"widget\" data-widget_type=\"social-icons.default\">\n\t\t\t\t<div class=\"elementor-widget-container\">\n\t\t\t\t\t\t\t<div class=\"elementor-social-icons-wrapper elementor-grid\" role=\"list\">\n\t\t\t\t\t\t\t<span class=\"elementor-grid-item\" role=\"listitem\">\n\t\t\t\t\t<a class=\"elementor-icon elementor-social-icon elementor-social-icon-zmdi-facebook elementor-repeater-item-ca3f9a4\" href=\"https:\/\/www.facebook.com\/drogariaitalifarma\" target=\"_blank\">\n\t\t\t\t\t\t<span class=\"elementor-screen-only\">Zmdi-facebook<\/span>\n\t\t\t\t\t\t<i aria-hidden=\"true\" class=\"zmdi zmdi-facebook\"><\/i>\t\t\t\t\t<\/a>\n\t\t\t\t<\/span>\n\t\t\t\t\t\t\t<span class=\"elementor-grid-item\" role=\"listitem\">\n\t\t\t\t\t<a class=\"elementor-icon elementor-social-icon elementor-social-icon-zmdi-instagram elementor-repeater-item-4546091\" href=\"https:\/\/www.instagram.com\/italifarma\/\" target=\"_blank\">\n\t\t\t\t\t\t<span class=\"elementor-screen-only\">Zmdi-instagram<\/span>\n\t\t\t\t\t\t<i aria-hidden=\"true\" class=\"zmdi zmdi-instagram\"><\/i>\t\t\t\t\t<\/a>\n\t\t\t\t<\/span>\n\t\t\t\t\t<\/div>\n\t\t\t\t\t\t<\/div>\n\t\t\t\t<\/div>\n\t\t\t\t\t<\/div>\n\t\t<\/div>\n\t\t\t\t<div class=\"elementor-column elementor-col-50 elementor-top-column elementor-element elementor-element-a893fc6\" data-id=\"a893fc6\" data-element_type=\"column\" data-e-type=\"column\">\n\t\t\t<div class=\"elementor-widget-wrap elementor-element-populated\">\n\t\t\t\t\t\t<div class=\"elementor-element elementor-element-b7d6901 elementor-widget elementor-widget-shortcode\" data-id=\"b7d6901\" data-element_type=\"widget\" data-e-type=\"widget\" data-widget_type=\"shortcode.default\">\n\t\t\t\t<div class=\"elementor-widget-container\">\n\t\t\t\t\t\t\t<div class=\"elementor-shortcode\">\n<div class=\"wpcf7 no-js\" id=\"wpcf7-f12-o1\" lang=\"en-US\" dir=\"ltr\" data-wpcf7-id=\"12\">\n<div class=\"screen-reader-response\"><p role=\"status\" aria-live=\"polite\" aria-atomic=\"true\"><\/p> <ul><\/ul><\/div>\n<form action=\"\/index.php?rest_route=%2Fwp%2Fv2%2Fpages%2F584#wpcf7-f12-o1\" method=\"post\" class=\"wpcf7-form init\" aria-label=\"Contact form\" novalidate=\"novalidate\" data-status=\"init\">\n<fieldset class=\"hidden-fields-container\"><input type=\"hidden\" name=\"_wpcf7\" value=\"12\" \/><input type=\"hidden\" name=\"_wpcf7_version\" value=\"6.1.5\" \/><input type=\"hidden\" name=\"_wpcf7_locale\" value=\"en_US\" \/><input type=\"hidden\" name=\"_wpcf7_unit_tag\" value=\"wpcf7-f12-o1\" \/><input type=\"hidden\" name=\"_wpcf7_container_post\" value=\"0\" \/><input type=\"hidden\" name=\"_wpcf7_posted_data_hash\" value=\"\" \/>\n<\/fieldset>\n<div class=\"form-horizontal row\">\n\t<div class=\"col\">\n\t\t<p><span class=\"wpcf7-form-control-wrap\" data-name=\"your-name\"><input size=\"40\" maxlength=\"400\" class=\"wpcf7-form-control wpcf7-text wpcf7-validates-as-required required form-control\" aria-required=\"true\" aria-invalid=\"false\" placeholder=\"Nome *\" value=\"\" type=\"text\" name=\"your-name\" \/><\/span>\n\t\t<\/p>\n\t<\/div>\n\t<div class=\"col\">\n\t\t<p><span class=\"wpcf7-form-control-wrap\" data-name=\"email-257\"><input size=\"40\" maxlength=\"400\" class=\"wpcf7-form-control wpcf7-email wpcf7-validates-as-required wpcf7-text wpcf7-validates-as-email required\" aria-required=\"true\" aria-invalid=\"false\" placeholder=\"Email *\" value=\"\" type=\"email\" name=\"email-257\" \/><\/span>\n\t\t<\/p>\n\t<\/div>\n\t<div class=\"w-100\">\n\t<\/div>\n\t<div class=\"col-12\">\n\t\t<p><span class=\"wpcf7-form-control-wrap\" data-name=\"textarea-552\"><textarea cols=\"40\" rows=\"10\" maxlength=\"2000\" class=\"wpcf7-form-control wpcf7-textarea required\" aria-invalid=\"false\" placeholder=\"Mensagem\" name=\"textarea-552\"><\/textarea><\/span>\n\t\t<\/p>\n\t<\/div>\n\t<div class=\"col-12\">\n\t\t<p><input class=\"wpcf7-form-control wpcf7-submit has-spinner btn btn-default\" type=\"submit\" value=\"Enviar\" \/>\n\t\t<\/p>\n\t<\/div>\n<\/div><p style=\"display: none !important;\" class=\"akismet-fields-container\" data-prefix=\"_wpcf7_ak_\"><label>&#916;<textarea name=\"_wpcf7_ak_hp_textarea\" cols=\"45\" rows=\"8\" maxlength=\"100\"><\/textarea><\/label><input type=\"hidden\" id=\"ak_js_1\" name=\"_wpcf7_ak_js\" value=\"14\"\/><script>\ndocument.getElementById( \"ak_js_1\" ).setAttribute( \"value\", ( new Date() ).getTime() );\n<\/script>\n<\/p><div class=\"wpcf7-response-output\" aria-hidden=\"true\"><\/div>\n<\/form>\n<\/div>\n<\/div>\n\t\t\t\t\t\t<\/div>\n\t\t\t\t<\/div>\n\t\t\t\t\t<\/div>\n\t\t<\/div>\n\t\t\t\t\t<\/div>\n\t\t<\/section>\n\t\t\t\t<section class=\"elementor-section elementor-top-section elementor-element elementor-element-6ffabe7 elementor-section-stretched elementor-section-full_width elementor-section-height-default elementor-section-height-default\" data-id=\"6ffabe7\" data-element_type=\"section\" data-e-type=\"section\" data-settings=\"{&quot;stretch_section&quot;:&quot;section-stretched&quot;}\">\n\t\t\t\t\t\t<div class=\"elementor-container elementor-column-gap-no\">\n\t\t\t\t\t<div class=\"elementor-column elementor-col-33 elementor-top-column elementor-element elementor-element-591589b\" data-id=\"591589b\" data-element_type=\"column\" data-e-type=\"column\">\n\t\t\t<div class=\"elementor-widget-wrap elementor-element-populated\">\n\t\t\t\t\t\t<div class=\"elementor-element elementor-element-ad0a554 elementor-widget elementor-widget-google_maps\" data-id=\"ad0a554\" data-element_type=\"widget\" data-e-type=\"widget\" data-widget_type=\"google_maps.default\">\n\t\t\t\t<div class=\"elementor-widget-container\">\n\t\t\t\t\t\t\t<div class=\"elementor-custom-embed\">\n\t\t\t<iframe loading=\"lazy\"\n\t\t\t\t\tsrc=\"https:\/\/maps.google.com\/maps?q=R.%20Am%C3%A9rica%20do%20Sul%2C%20742%20-%20Parque%20das%20Am%C3%A9ricas%2C%20Mau%C3%A1%20-%20SP%2C%2009350-580&#038;t=m&#038;z=10&#038;output=embed&#038;iwloc=near\"\n\t\t\t\t\ttitle=\"R. Am\u00e9rica do Sul, 742 - Parque das Am\u00e9ricas, Mau\u00e1 - SP, 09350-580\"\n\t\t\t\t\taria-label=\"R. Am\u00e9rica do Sul, 742 - Parque das Am\u00e9ricas, Mau\u00e1 - SP, 09350-580\"\n\t\t\t><\/iframe>\n\t\t<\/div>\n\t\t\t\t\t\t<\/div>\n\t\t\t\t<\/div>\n\t\t\t\t\t<\/div>\n\t\t<\/div>\n\t\t\t\t<div class=\"elementor-column elementor-col-33 elementor-top-column elementor-element elementor-element-f673993\" data-id=\"f673993\" data-element_type=\"column\" data-e-type=\"column\">\n\t\t\t<div class=\"elementor-widget-wrap elementor-element-populated\">\n\t\t\t\t\t\t<div class=\"elementor-element elementor-element-2808c0f elementor-widget elementor-widget-google_maps\" data-id=\"2808c0f\" data-element_type=\"widget\" data-e-type=\"widget\" data-widget_type=\"google_maps.default\">\n\t\t\t\t<div class=\"elementor-widget-container\">\n\t\t\t\t\t\t\t<div class=\"elementor-custom-embed\">\n\t\t\t<iframe loading=\"lazy\"\n\t\t\t\t\tsrc=\"https:\/\/maps.google.com\/maps?q=Rua%20Olavo%20Bilac%2C%205-%20Jardim%20Miranda%20D%E2%80%99%C3%A1lvis%20%E2%80%93%20Mau%C3%A1%20%E2%80%93%20SP%20%E2%80%93%20CEP%2009330-510.&#038;t=m&#038;z=10&#038;output=embed&#038;iwloc=near\"\n\t\t\t\t\ttitle=\"Rua Olavo Bilac, 5- Jardim Miranda D\u2019\u00e1lvis \u2013 Mau\u00e1 \u2013 SP \u2013 CEP 09330-510.\"\n\t\t\t\t\taria-label=\"Rua Olavo Bilac, 5- Jardim Miranda D\u2019\u00e1lvis \u2013 Mau\u00e1 \u2013 SP \u2013 CEP 09330-510.\"\n\t\t\t><\/iframe>\n\t\t<\/div>\n\t\t\t\t\t\t<\/div>\n\t\t\t\t<\/div>\n\t\t\t\t\t<\/div>\n\t\t<\/div>\n\t\t\t\t<div class=\"elementor-column elementor-col-33 elementor-top-column elementor-element elementor-element-2aace23\" data-id=\"2aace23\" data-element_type=\"column\" data-e-type=\"column\">\n\t\t\t<div class=\"elementor-widget-wrap elementor-element-populated\">\n\t\t\t\t\t\t<div class=\"elementor-element elementor-element-ec5ae1b elementor-widget elementor-widget-google_maps\" data-id=\"ec5ae1b\" data-element_type=\"widget\" data-e-type=\"widget\" data-widget_type=\"google_maps.default\">\n\t\t\t\t<div class=\"elementor-widget-container\">\n\t\t\t\t\t\t\t<div class=\"elementor-custom-embed\">\n\t\t\t<iframe loading=\"lazy\"\n\t\t\t\t\tsrc=\"https:\/\/maps.google.com\/maps?q=Av.%20Dona%20Ruyce%20Ferraz%20Alvim%2C%202365%20-%20Serraria%2C%20Diadema%20-%20SP%2C%2009981-360&#038;t=m&#038;z=10&#038;output=embed&#038;iwloc=near\"\n\t\t\t\t\ttitle=\"Av. Dona Ruyce Ferraz Alvim, 2365 - Serraria, Diadema - SP, 09981-360\"\n\t\t\t\t\taria-label=\"Av. Dona Ruyce Ferraz Alvim, 2365 - Serraria, Diadema - SP, 09981-360\"\n\t\t\t><\/iframe>\n\t\t<\/div>\n\t\t\t\t\t\t<\/div>\n\t\t\t\t<\/div>\n\t\t\t\t\t<\/div>\n\t\t<\/div>\n\t\t\t\t\t<\/div>\n\t\t<\/section>\n\t\t\t\t<\/div>\n\t\t","protected":false},"excerpt":{"rendered":"<p>MAU\u00c1 &#8211; PARQUE DAS AM\u00c9RICAS R. Am\u00e9rica do Sul, 742 &#8211; Parque das Am\u00e9ricas, Mau\u00e1 &#8211; SP, 09350-580. Ao lado do c\u00e9u das artes e Par\u00f3quia S\u00e3o Filipe. Telefone:(11) 3420-4478 &#8211; (11) 98555-4966 _____________ MAU\u00c1 &#8211; MIRANDA Rua Olavo Bilac, 5- Jardim Miranda D&#8217;\u00e1lvis &#8211; Mau\u00e1 &#8211; SP &#8211; CEP 09330-510. Em frente ao supermercado [&hellip;]<\/p>\n","protected":false},"author":1,"featured_media":0,"parent":0,"menu_order":0,"comment_status":"closed","ping_status":"closed","template":"","meta":{"_joinchat":[],"footnotes":""},"class_list":["post-584","page","type-page","status-publish","hentry"],"aioseo_notices":[],"_links":{"self":[{"href":"https:\/\/italifarma.com.br\/index.php?rest_route=\/wp\/v2\/pages\/584","targetHints":{"allow":["GET"]}}],"collection":[{"href":"https:\/\/italifarma.com.br\/index.php?rest_route=\/wp\/v2\/pages"}],"about":[{"href":"https:\/\/italifarma.com.br\/index.php?rest_route=\/wp\/v2\/types\/page"}],"author":[{"embeddable":true,"href":"https:\/\/italifarma.com.br\/index.php?rest_route=\/wp\/v2\/users\/1"}],"replies":[{"embeddable":true,"href":"https:\/\/italifarma.com.br\/index.php?rest_route=%2Fwp%2Fv2%2Fcomments&post=584"}],"version-history":[{"count":19,"href":"https:\/\/italifarma.com.br\/index.php?rest_route=\/wp\/v2\/pages\/584\/revisions"}],"predecessor-version":[{"id":2276,"href":"https:\/\/italifarma.com.br\/index.php?rest_route=\/wp\/v2\/pages\/584\/revisions\/2276"}],"wp:attachment":[{"href":"https:\/\/italifarma.com.br\/index.php?rest_route=%2Fwp%2Fv2%2Fmedia&parent=584"}],"curies":[{"name":"wp","href":"https:\/\/api.w.org\/{rel}","templated":true}]}}