{"id":637,"date":"2020-06-05T09:05:58","date_gmt":"2020-06-05T02:05:58","guid":{"rendered":"https:\/\/elementor.thembay.com\/diza\/?page_id=637"},"modified":"2020-06-05T09:05:58","modified_gmt":"2020-06-05T02:05:58","slug":"track-my-order","status":"publish","type":"page","link":"https:\/\/italifarma.com.br\/?page_id=637","title":{"rendered":"Track My Order"},"content":{"rendered":"<div class=\"woocommerce\">\n<form action=\"https:\/\/italifarma.com.br\/?page_id=637\" method=\"post\" class=\"woocommerce-form woocommerce-form-track-order track_order\">\n\n\t\n\t<p>Para acompanhar o seu pedido, digite o ID do pedido na caixa abaixo e pressione o bot\u00e3o &quot;Rastrear&quot;. O ID do pedido foi informado em sua fatura e est\u00e1 no e-mail de confirma\u00e7\u00e3o que voc\u00ea deve ter recebido.<\/p>\n\n\t<p class=\"form-row form-row-first\"><label for=\"orderid\">ID do pedido<\/label> <input class=\"input-text\" type=\"text\" name=\"orderid\" id=\"orderid\" value=\"\" placeholder=\"Encontrado no seu e-mail de confirma\u00e7\u00e3o do pedido.\" \/><\/p>\t<p class=\"form-row form-row-last\"><label for=\"order_email\">E-mail de cobran\u00e7a<\/label> <input class=\"input-text\" type=\"text\" name=\"order_email\" id=\"order_email\" value=\"\" placeholder=\"E-mail utilizado durante a finaliza\u00e7\u00e3o de compra.\" \/><\/p>\t<div class=\"clear\"><\/div>\n\n\t\n\t<p class=\"form-row\"><button type=\"submit\" class=\"button\" name=\"track\" value=\"Rastrear\">Rastrear<\/button><\/p>\n\t<input type=\"hidden\" id=\"woocommerce-order-tracking-nonce\" name=\"woocommerce-order-tracking-nonce\" value=\"cb31093a1a\" \/><input type=\"hidden\" name=\"_wp_http_referer\" value=\"\/index.php?rest_route=%2Fwp%2Fv2%2Fpages%2F637\" \/>\n\t\n<\/form>\n<\/div>\n","protected":false},"excerpt":{"rendered":"","protected":false},"author":1,"featured_media":0,"parent":0,"menu_order":0,"comment_status":"closed","ping_status":"closed","template":"","meta":{"_joinchat":[],"footnotes":""},"class_list":["post-637","page","type-page","status-publish","hentry"],"aioseo_notices":[],"_links":{"self":[{"href":"https:\/\/italifarma.com.br\/index.php?rest_route=\/wp\/v2\/pages\/637","targetHints":{"allow":["GET"]}}],"collection":[{"href":"https:\/\/italifarma.com.br\/index.php?rest_route=\/wp\/v2\/pages"}],"about":[{"href":"https:\/\/italifarma.com.br\/index.php?rest_route=\/wp\/v2\/types\/page"}],"author":[{"embeddable":true,"href":"https:\/\/italifarma.com.br\/index.php?rest_route=\/wp\/v2\/users\/1"}],"replies":[{"embeddable":true,"href":"https:\/\/italifarma.com.br\/index.php?rest_route=%2Fwp%2Fv2%2Fcomments&post=637"}],"version-history":[{"count":0,"href":"https:\/\/italifarma.com.br\/index.php?rest_route=\/wp\/v2\/pages\/637\/revisions"}],"wp:attachment":[{"href":"https:\/\/italifarma.com.br\/index.php?rest_route=%2Fwp%2Fv2%2Fmedia&parent=637"}],"curies":[{"name":"wp","href":"https:\/\/api.w.org\/{rel}","templated":true}]}}